{"id":621,"date":"2019-04-17T10:04:40","date_gmt":"2019-04-17T10:04:40","guid":{"rendered":"https:\/\/exploratriceduquotidien.com\/exploratrice\/about\/"},"modified":"2026-04-27T16:54:23","modified_gmt":"2026-04-27T14:54:23","slug":"quisuisje","status":"publish","type":"page","link":"https:\/\/exploratriceduquotidien.com\/exploratrice\/quisuisje\/","title":{"rendered":"Qui suis-je ?"},"content":{"rendered":"\t\t<div data-elementor-type=\"wp-post\" data-elementor-id=\"621\" class=\"elementor elementor-621\">\n\t\t\t\t\t\t<section class=\"elementor-section elementor-top-section elementor-element elementor-element-13a93292 elementor-section-boxed elementor-section-height-default elementor-section-height-default\" data-id=\"13a93292\" data-element_type=\"section\" data-settings=\"{&quot;background_background&quot;:&quot;classic&quot;}\">\n\t\t\t\t\t\t\t<div class=\"elementor-background-overlay\"><\/div>\n\t\t\t\t\t\t\t<div class=\"elementor-container elementor-column-gap-default\">\n\t\t\t\t\t<div class=\"elementor-column elementor-col-100 elementor-top-column elementor-element elementor-element-25748b2d\" data-id=\"25748b2d\" data-element_type=\"column\">\n\t\t\t<div class=\"elementor-widget-wrap elementor-element-populated\">\n\t\t\t\t\t\t<div class=\"elementor-element elementor-element-1dca66c4 elementor-widget-divider--view-line elementor-widget elementor-widget-divider\" data-id=\"1dca66c4\" data-element_type=\"widget\" data-widget_type=\"divider.default\">\n\t\t\t\t<div class=\"elementor-widget-container\">\n\t\t\t\t\t<div class=\"elementor-divider\">\n\t\t\t<span class=\"elementor-divider-separator\">\n\t\t\t\t\t\t<\/span>\n\t\t<\/div>\n\t\t\t\t<\/div>\n\t\t\t\t<\/div>\n\t\t\t\t<div class=\"elementor-element elementor-element-253d822f elementor-widget elementor-widget-heading\" data-id=\"253d822f\" data-element_type=\"widget\" data-widget_type=\"heading.default\">\n\t\t\t\t<div class=\"elementor-widget-container\">\n\t\t\t<h2 class=\"elementor-heading-title elementor-size-default\">Exploratrice ?<\/h2>\t\t<\/div>\n\t\t\t\t<\/div>\n\t\t\t\t\t<\/div>\n\t\t<\/div>\n\t\t\t\t\t<\/div>\n\t\t<\/section>\n\t\t\t\t<section class=\"elementor-section elementor-top-section elementor-element elementor-element-758d8c04 elementor-section-content-middle elementor-section-boxed elementor-section-height-default elementor-section-height-default\" data-id=\"758d8c04\" data-element_type=\"section\">\n\t\t\t\t\t\t<div class=\"elementor-container elementor-column-gap-wide\">\n\t\t\t\t\t<div class=\"elementor-column elementor-col-33 elementor-top-column elementor-element elementor-element-43ba58ae\" data-id=\"43ba58ae\" data-element_type=\"column\">\n\t\t\t<div class=\"elementor-widget-wrap elementor-element-populated\">\n\t\t\t\t\t\t<div class=\"elementor-element elementor-element-e8071de elementor-widget elementor-widget-image\" data-id=\"e8071de\" data-element_type=\"widget\" data-widget_type=\"image.default\">\n\t\t\t\t<div class=\"elementor-widget-container\">\n\t\t\t\t\t\t\t\t\t\t\t\t\t<img fetchpriority=\"high\" decoding=\"async\" width=\"1024\" height=\"724\" src=\"https:\/\/exploratriceduquotidien.com\/exploratrice\/wp-content\/uploads\/2022\/02\/photo-voyage-1024x724.jpg\" class=\"attachment-large size-large wp-image-1787\" alt=\"\" srcset=\"https:\/\/exploratriceduquotidien.com\/exploratrice\/wp-content\/uploads\/2022\/02\/photo-voyage-1024x724.jpg 1024w, https:\/\/exploratriceduquotidien.com\/exploratrice\/wp-content\/uploads\/2022\/02\/photo-voyage-300x212.jpg 300w, https:\/\/exploratriceduquotidien.com\/exploratrice\/wp-content\/uploads\/2022\/02\/photo-voyage-768x543.jpg 768w, https:\/\/exploratriceduquotidien.com\/exploratrice\/wp-content\/uploads\/2022\/02\/photo-voyage-1536x1086.jpg 1536w, https:\/\/exploratriceduquotidien.com\/exploratrice\/wp-content\/uploads\/2022\/02\/photo-voyage-2048x1448.jpg 2048w, https:\/\/exploratriceduquotidien.com\/exploratrice\/wp-content\/uploads\/2022\/02\/photo-voyage-1320x933.jpg 1320w, https:\/\/exploratriceduquotidien.com\/exploratrice\/wp-content\/uploads\/2022\/02\/photo-voyage-600x424.jpg 600w\" sizes=\"(max-width: 1024px) 100vw, 1024px\" \/>\t\t\t\t\t\t\t\t\t\t\t\t\t<\/div>\n\t\t\t\t<\/div>\n\t\t\t\t\t<\/div>\n\t\t<\/div>\n\t\t\t\t<div class=\"elementor-column elementor-col-66 elementor-top-column elementor-element elementor-element-15249d1d\" data-id=\"15249d1d\" data-element_type=\"column\">\n\t\t\t<div class=\"elementor-widget-wrap elementor-element-populated\">\n\t\t\t\t\t\t<div class=\"elementor-element elementor-element-13a9b180 elementor-widget elementor-widget-text-editor\" data-id=\"13a9b180\" data-element_type=\"widget\" data-widget_type=\"text-editor.default\">\n\t\t\t\t<div class=\"elementor-widget-container\">\n\t\t\t\t\t\t\t<p>Je suis une exploratrice. J&rsquo;aime voyager, arpenter, d\u00e9couvrir, d\u00e9nicher et mettre en lumi\u00e8re le potentiel. Les potentiels multiples. Vos potentiels bien s\u00fbr mais pas que. Si on choisi de mettre les lunettes adapt\u00e9es, du potentiel, il y en a presque partout.<\/p>\t\t\t\t\t\t<\/div>\n\t\t\t\t<\/div>\n\t\t\t\t\t<\/div>\n\t\t<\/div>\n\t\t\t\t\t<\/div>\n\t\t<\/section>\n\t\t\t\t<section class=\"elementor-section elementor-top-section elementor-element elementor-element-16793481 elementor-section-height-min-height elementor-section-items-stretch elementor-section-content-middle elementor-section-boxed elementor-section-height-default\" data-id=\"16793481\" data-element_type=\"section\" data-settings=\"{&quot;shape_divider_bottom&quot;:&quot;curve&quot;,&quot;shape_divider_top&quot;:&quot;tilt&quot;}\">\n\t\t\t\t\t\t\t<div class=\"elementor-background-overlay\"><\/div>\n\t\t\t\t\t\t<div class=\"elementor-shape elementor-shape-top\" data-negative=\"false\">\n\t\t\t<svg xmlns=\"http:\/\/www.w3.org\/2000\/svg\" viewBox=\"0 0 1000 100\" preserveAspectRatio=\"none\">\n\t<path class=\"elementor-shape-fill\" d=\"M0,6V0h1000v100L0,6z\"\/>\n<\/svg>\t\t<\/div>\n\t\t\t\t<div class=\"elementor-shape elementor-shape-bottom\" data-negative=\"false\">\n\t\t\t<svg xmlns=\"http:\/\/www.w3.org\/2000\/svg\" viewBox=\"0 0 1000 100\" preserveAspectRatio=\"none\">\n    <path class=\"elementor-shape-fill\" d=\"M1000,4.3V0H0v4.3C0.9,23.1,126.7,99.2,500,100S1000,22.7,1000,4.3z\"\/>\n<\/svg>\t\t<\/div>\n\t\t\t\t\t<div class=\"elementor-container elementor-column-gap-wide\">\n\t\t\t\t\t<div class=\"elementor-column elementor-col-100 elementor-top-column elementor-element elementor-element-14115da3\" data-id=\"14115da3\" data-element_type=\"column\">\n\t\t\t<div class=\"elementor-widget-wrap elementor-element-populated\">\n\t\t\t\t\t\t<div class=\"elementor-element elementor-element-29baaefc elementor-widget elementor-widget-heading\" data-id=\"29baaefc\" data-element_type=\"widget\" data-widget_type=\"heading.default\">\n\t\t\t\t<div class=\"elementor-widget-container\">\n\t\t\t<h2 class=\"elementor-heading-title elementor-size-default\">Mon histoire<\/h2>\t\t<\/div>\n\t\t\t\t<\/div>\n\t\t\t\t<div class=\"elementor-element elementor-element-3f6f62b0 elementor-widget-divider--view-line elementor-widget elementor-widget-divider\" data-id=\"3f6f62b0\" data-element_type=\"widget\" data-widget_type=\"divider.default\">\n\t\t\t\t<div class=\"elementor-widget-container\">\n\t\t\t\t\t<div class=\"elementor-divider\">\n\t\t\t<span class=\"elementor-divider-separator\">\n\t\t\t\t\t\t<\/span>\n\t\t<\/div>\n\t\t\t\t<\/div>\n\t\t\t\t<\/div>\n\t\t\t\t<div class=\"elementor-element elementor-element-29bdfd1d elementor-widget elementor-widget-text-editor\" data-id=\"29bdfd1d\" data-element_type=\"widget\" data-widget_type=\"text-editor.default\">\n\t\t\t\t<div class=\"elementor-widget-container\">\n\t\t\t\t\t\t\t<p><strong><span style=\"color: #ffffff;\">J&rsquo;essayais d\u00e9j\u00e0 de me faire la belle \u00e0 l&rsquo;\u00e9cole maternelle. D\u00e8s que j&rsquo;ai pu sortir seule, j&rsquo;ai pass\u00e9 des heures \u00e0 arpenter les rues. Les week-end et les vacances d\u00e9filaient au rythme de mes pas.<\/span><\/strong><\/p>\n<p><strong><span style=\"color: #ffffff;\">Le premier bus pris a \u00e9largi mon champ d&rsquo;exploration qui n&rsquo;a jamais cess\u00e9 de s&rsquo;agrandir. Il faut dire que j&rsquo;avais le r\u00eave secret de m&rsquo;envoler dans les \u00e9toiles pour explorer la galaxie. Une part de moi l&rsquo;imagine d&rsquo;ailleurs toujours.&nbsp;<\/span><\/strong><\/p>\n<p><strong><span style=\"color: #ffffff;\">L&rsquo;adolescence et ses choix d&rsquo;orientation me freinent. Il faut dire que mes passions sont multiples et que de nombreuses voies m&rsquo;int\u00e9ressent. L&rsquo;architecture, le chant, la psychologie, le droit, les langues \u00e9trang\u00e8res, la communication&#8230; Un cr\u00e8ve coeur de choisir. Surtout qu&rsquo;\u00e0 bien y r\u00e9fl\u00e9chir aucun ne semble m&rsquo;int\u00e9resser plus que l&rsquo;autre. Je commence par la communication, puis l&rsquo;export, et finalement les relations interculturelles.&nbsp;L&rsquo;ailleurs m&rsquo;attire comme un aimant. Alors quitte \u00e0 choisir, autant en faire&nbsp;mon m\u00e9tier. Une dizaine d&rsquo;ann\u00e9es plus tard, avec un doctorat dans mes bagages et des dizaines de milliers de kilom\u00e8tres au compteur, j&rsquo;\u00e9touffe dans le cadre rigide d&rsquo;une entreprise qui m&rsquo;offre pourtant un job passionnant, et assez vari\u00e9 \u00e0 l&rsquo;international.&nbsp;<\/span><\/strong><\/p>\n<p><strong><span style=\"color: #ffffff;\">Je dis adieu au salariat et je boucle ma valise pour un tour du monde en solo. A mon retour, j&rsquo;en suis certaine, je cr\u00e9e le job de mes r\u00eaves. De nombreuses formations plus tard, me voici Coach de vie et Hypnoth\u00e9rapeute. Youpi, j&rsquo;ai enfin trouv\u00e9 MA VOIE. Euh, oui mais, peut \u00eatre pas tout \u00e0 fait finalement. Au bout de quelques temps, c&rsquo;est toujours int\u00e9ressant et riche de sens mais \u00e7a ne me suffit plus et ma curiosit\u00e9 m&rsquo;am\u00e8ne d\u00e9j\u00e0 ailleurs. Vers l&rsquo;immobilier,<\/span><\/strong><strong style=\"font-size: 17px;\"><span style=\"color: #ffffff;\">&nbsp;la seconde main..<\/span><\/strong><\/p>\n<p><strong><span style=\"color: #ffffff;\">Vous l&rsquo;aurez compris, explorer est dans ma nature. Pendant longtemps, j&rsquo;ai cherch\u00e9 \u00e0 comprendre en quoi et pourquoi j&rsquo;\u00e9tais diff\u00e9rente de ceux qui m&rsquo;entouraient. J&rsquo;aurais aim\u00e9 pouvoir entrer dans un moule et avoir une vocation. Et puis, un jour, une vid\u00e9o a attir\u00e9 mon attention. Emilie Wapnick y parlait justement de cette fameuse vocation et qu&rsquo;il \u00e9tait parfaitement juste et naturel de ne pas en avoir. Ce jour l\u00e0, elle m&rsquo;a ouvert les portes d&rsquo;un nouveau monde. Un monde de libert\u00e9 o\u00f9 la multipotentialit\u00e9 est une chance, un atout. En peu de temps, et beaucoup de recherches, j&rsquo;ai pris conscience que la majorit\u00e9 des personnes que j&rsquo;avais accompagn\u00e9 jusque l\u00e0 \u00e9taient vraisemblablement multipotientielles et que nous \u00e9tions nombreux dans ce cas.&nbsp;<\/span><\/strong><\/p>\n<p><strong><span style=\"color: #ffffff;\">Aujourd&rsquo;hui, j&rsquo;affiche haut et fort mes couleurs et ma singularit\u00e9. J&rsquo;assume d&rsquo;ETRE multiple. Fini les moules et la suradaptation. Bienvenue \u00e0 une vie plus douce, plus align\u00e9e.&nbsp;<\/span><\/strong><\/p>\t\t\t\t\t\t<\/div>\n\t\t\t\t<\/div>\n\t\t\t\t\t<\/div>\n\t\t<\/div>\n\t\t\t\t\t<\/div>\n\t\t<\/section>\n\t\t\t\t<section class=\"elementor-section elementor-top-section elementor-element elementor-element-401939fb elementor-section-boxed elementor-section-height-default elementor-section-height-default\" data-id=\"401939fb\" data-element_type=\"section\">\n\t\t\t\t\t\t<div class=\"elementor-container elementor-column-gap-wide\">\n\t\t\t\t\t<div class=\"elementor-column elementor-col-100 elementor-top-column elementor-element elementor-element-6ef516d5\" data-id=\"6ef516d5\" data-element_type=\"column\">\n\t\t\t<div class=\"elementor-widget-wrap elementor-element-populated\">\n\t\t\t\t\t\t<div class=\"elementor-element elementor-element-46b1abf6 elementor-widget-divider--view-line elementor-widget elementor-widget-divider\" data-id=\"46b1abf6\" data-element_type=\"widget\" data-widget_type=\"divider.default\">\n\t\t\t\t<div class=\"elementor-widget-container\">\n\t\t\t\t\t<div class=\"elementor-divider\">\n\t\t\t<span class=\"elementor-divider-separator\">\n\t\t\t\t\t\t<\/span>\n\t\t<\/div>\n\t\t\t\t<\/div>\n\t\t\t\t<\/div>\n\t\t\t\t<div class=\"elementor-element elementor-element-7b312b02 elementor-widget elementor-widget-heading\" data-id=\"7b312b02\" data-element_type=\"widget\" data-widget_type=\"heading.default\">\n\t\t\t\t<div class=\"elementor-widget-container\">\n\t\t\t<h2 class=\"elementor-heading-title elementor-size-default\">Ma philosophie<\/h2>\t\t<\/div>\n\t\t\t\t<\/div>\n\t\t\t\t<div class=\"elementor-element elementor-element-43e96b94 elementor-widget elementor-widget-text-editor\" data-id=\"43e96b94\" data-element_type=\"widget\" data-widget_type=\"text-editor.default\">\n\t\t\t\t<div class=\"elementor-widget-container\">\n\t\t\t\t\t\t\t<p><strong>Exploratrice du quotidien, c&rsquo;est tout un univers. Celui que j&rsquo;ai choisi de partager.<\/strong><\/p><p><strong>J&rsquo;ai envie de vous inviter \u00e0 explorer diff\u00e9remment.<\/strong><\/p><p><strong>A explorer vos potentiels et ceux qui vous entourent. <\/strong><\/p><p><strong>Si vous \u00eates en train de lire cette page, c&rsquo;est probablement que vous vous questionnez sur vous. Peut \u00eatre avez vous juste besoin d&rsquo;un coup de pouce pour voir les p\u00e9pites en vous et ajuster votre projet de vie.<\/strong><\/p><p><strong>Coach professionnelle certifi\u00e9e RNCP, Ma\u00eetre Praticien en hypnose et form\u00e9e \u00e0 de multiples approches (enn\u00e9agramme, approche narrative, PNL, psychologie positive, Futuraktao\u00ae etc\u2026), je vous accompagne dans l&rsquo;exploration de vos singularit\u00e9s et de vos richesses, dans l&rsquo;\u00e9tude de vos potentiels. Parce que vous \u00eates unique et merveilleux.<\/strong><\/p><p><strong>Et pour vous aider \u00e0 changer de lunettes, j&rsquo;ai d\u00e9velopp\u00e9 une gamme de ressources positives et inspirantes et des ateliers \u00e0 th\u00e8me.<\/strong><\/p><p><strong> Et parce que vous l&rsquo;avez compris, j&rsquo;ai choisi de ne pas choisir entre mes passions, je d\u00e9veloppe r\u00e9guli\u00e8rement de nouveaux projets et de nouvelles activit\u00e9s.<\/strong><\/p><p>Et si en ce moment, je me fais silencieuse,\u00a0 c&rsquo;est certainement parce qu&rsquo;un nouveau r\u00eave voit le jour.<\/p><p>\u00a0<\/p>\t\t\t\t\t\t<\/div>\n\t\t\t\t<\/div>\n\t\t\t\t\t<\/div>\n\t\t<\/div>\n\t\t\t\t\t<\/div>\n\t\t<\/section>\n\t\t\t\t<\/div>\n\t\t","protected":false},"excerpt":{"rendered":"<p>Exploratrice ? Je suis une exploratrice. J&rsquo;aime voyager, arpenter, d\u00e9couvrir, d\u00e9nicher et mettre en lumi\u00e8re le potentiel. Les potentiels multiples. Vos potentiels bien s\u00fbr mais pas que. Si on choisi de mettre les lunettes adapt\u00e9es, du potentiel, il y en a presque partout. Mon histoire J&rsquo;essayais d\u00e9j\u00e0 de me faire la belle \u00e0 l&rsquo;\u00e9cole maternelle. [&hellip;]<\/p>\n","protected":false},"author":1,"featured_media":0,"parent":0,"menu_order":0,"comment_status":"closed","ping_status":"closed","template":"","meta":{"site-sidebar-layout":"no-sidebar","site-content-layout":"page-builder","ast-site-content-layout":"","site-content-style":"default","site-sidebar-style":"default","ast-global-header-display":"","ast-banner-title-visibility":"","ast-main-header-display":"","ast-hfb-above-header-display":"","ast-hfb-below-header-display":"","ast-hfb-mobile-header-display":"","site-post-title":"disabled","ast-breadcrumbs-content":"","ast-featured-img":"disabled","footer-sml-layout":"","theme-transparent-header-meta":"default","adv-header-id-meta":"","stick-header-meta":"","header-above-stick-meta":"","header-main-stick-meta":"","header-below-stick-meta":"","astra-migrate-meta-layouts":"default","ast-page-background-enabled":"default","ast-page-background-meta":{"desktop":{"background-color":"","background-image":"","background-repeat":"repeat","background-position":"center center","background-size":"auto","background-attachment":"scroll","background-type":"","background-media":"","overlay-type":"","overlay-color":"","overlay-opacity":"","overlay-gradient":""},"tablet":{"background-color":"","background-image":"","background-repeat":"repeat","background-position":"center center","background-size":"auto","background-attachment":"scroll","background-type":"","background-media":"","overlay-type":"","overlay-color":"","overlay-opacity":"","overlay-gradient":""},"mobile":{"background-color":"","background-image":"","background-repeat":"repeat","background-position":"center center","background-size":"auto","background-attachment":"scroll","background-type":"","background-media":"","overlay-type":"","overlay-color":"","overlay-opacity":"","overlay-gradient":""}},"ast-content-background-meta":{"desktop":{"background-color":"var(--ast-global-color-5)","background-image":"","background-repeat":"repeat","background-position":"center center","background-size":"auto","background-attachment":"scroll","background-type":"","background-media":"","overlay-type":"","overlay-color":"","overlay-opacity":"","overlay-gradient":""},"tablet":{"background-color":"var(--ast-global-color-5)","background-image":"","background-repeat":"repeat","background-position":"center center","background-size":"auto","background-attachment":"scroll","background-type":"","background-media":"","overlay-type":"","overlay-color":"","overlay-opacity":"","overlay-gradient":""},"mobile":{"background-color":"var(--ast-global-color-5)","background-image":"","background-repeat":"repeat","background-position":"center center","background-size":"auto","background-attachment":"scroll","background-type":"","background-media":"","overlay-type":"","overlay-color":"","overlay-opacity":"","overlay-gradient":""}},"footnotes":""},"class_list":["post-621","page","type-page","status-publish","hentry"],"_links":{"self":[{"href":"https:\/\/exploratriceduquotidien.com\/exploratrice\/wp-json\/wp\/v2\/pages\/621"}],"collection":[{"href":"https:\/\/exploratriceduquotidien.com\/exploratrice\/wp-json\/wp\/v2\/pages"}],"about":[{"href":"https:\/\/exploratriceduquotidien.com\/exploratrice\/wp-json\/wp\/v2\/types\/page"}],"author":[{"embeddable":true,"href":"https:\/\/exploratriceduquotidien.com\/exploratrice\/wp-json\/wp\/v2\/users\/1"}],"replies":[{"embeddable":true,"href":"https:\/\/exploratriceduquotidien.com\/exploratrice\/wp-json\/wp\/v2\/comments?post=621"}],"version-history":[{"count":56,"href":"https:\/\/exploratriceduquotidien.com\/exploratrice\/wp-json\/wp\/v2\/pages\/621\/revisions"}],"predecessor-version":[{"id":2647,"href":"https:\/\/exploratriceduquotidien.com\/exploratrice\/wp-json\/wp\/v2\/pages\/621\/revisions\/2647"}],"wp:attachment":[{"href":"https:\/\/exploratriceduquotidien.com\/exploratrice\/wp-json\/wp\/v2\/media?parent=621"}],"curies":[{"name":"wp","href":"https:\/\/api.w.org\/{rel}","templated":true}]}}