{"id":2591,"date":"2024-11-27T09:54:05","date_gmt":"2024-11-27T08:54:05","guid":{"rendered":"https:\/\/exploratriceduquotidien.com\/exploratrice\/?page_id=2591"},"modified":"2026-01-15T14:58:53","modified_gmt":"2026-01-15T13:58:53","slug":"seconde-main","status":"publish","type":"page","link":"https:\/\/exploratriceduquotidien.com\/exploratrice\/seconde-main\/","title":{"rendered":"Seconde Main"},"content":{"rendered":"\t\t<div data-elementor-type=\"wp-page\" data-elementor-id=\"2591\" class=\"elementor elementor-2591\">\n\t\t\t\t\t\t<section class=\"elementor-section elementor-top-section elementor-element elementor-element-6fa8379 elementor-section-boxed elementor-section-height-default elementor-section-height-default\" data-id=\"6fa8379\" data-element_type=\"section\">\n\t\t\t\t\t\t<div class=\"elementor-container elementor-column-gap-default\">\n\t\t\t\t\t<div class=\"elementor-column elementor-col-100 elementor-top-column elementor-element elementor-element-69c6a5a\" data-id=\"69c6a5a\" data-element_type=\"column\">\n\t\t\t<div class=\"elementor-widget-wrap elementor-element-populated\">\n\t\t\t\t\t\t<div class=\"elementor-element elementor-element-9ab3ff5 elementor-widget elementor-widget-heading\" data-id=\"9ab3ff5\" data-element_type=\"widget\" data-widget_type=\"heading.default\">\n\t\t\t\t<div class=\"elementor-widget-container\">\n\t\t\t<h2 class=\"elementor-heading-title elementor-size-default\">Seconde Main<\/h2>\t\t<\/div>\n\t\t\t\t<\/div>\n\t\t\t\t\t<\/div>\n\t\t<\/div>\n\t\t\t\t\t<\/div>\n\t\t<\/section>\n\t\t\t\t<section class=\"elementor-section elementor-top-section elementor-element elementor-element-3159da6 elementor-section-boxed elementor-section-height-default elementor-section-height-default\" data-id=\"3159da6\" data-element_type=\"section\">\n\t\t\t\t\t\t<div class=\"elementor-container elementor-column-gap-default\">\n\t\t\t\t\t<div class=\"elementor-column elementor-col-100 elementor-top-column elementor-element elementor-element-aed59bf\" data-id=\"aed59bf\" data-element_type=\"column\">\n\t\t\t<div class=\"elementor-widget-wrap elementor-element-populated\">\n\t\t\t\t\t\t<div class=\"elementor-element elementor-element-7987fe4 elementor-widget elementor-widget-text-editor\" data-id=\"7987fe4\" data-element_type=\"widget\" data-widget_type=\"text-editor.default\">\n\t\t\t\t<div class=\"elementor-widget-container\">\n\t\t\t\t\t\t\t<p>La seconde main, c&rsquo;est un peu une seconde nature&#8230;<\/p><p>Recycler des meubles ou d\u00e9tourner des objets anciens pour leur donner une nouvelle vie. Trouver les v\u00eatements et les objets du quotidien dans les friperies, les recycleries, les vides greniers&#8230; D\u00e9nicher des mat\u00e9riaux de r\u00e9novation d\u00e9class\u00e9s, en r\u00e9emploi, recycl\u00e9s&#8230;<\/p><p>Et surtout assouvir ma passion pour la vaisselle vintage. Les tr\u00e9sors sont partout.<\/p>\t\t\t\t\t\t<\/div>\n\t\t\t\t<\/div>\n\t\t\t\t\t<\/div>\n\t\t<\/div>\n\t\t\t\t\t<\/div>\n\t\t<\/section>\n\t\t\t\t<section class=\"elementor-section elementor-top-section elementor-element elementor-element-4deb785 elementor-section-boxed elementor-section-height-default elementor-section-height-default\" data-id=\"4deb785\" data-element_type=\"section\">\n\t\t\t\t\t\t<div class=\"elementor-container elementor-column-gap-default\">\n\t\t\t\t\t<div class=\"elementor-column elementor-col-50 elementor-top-column elementor-element elementor-element-b8642df\" data-id=\"b8642df\" data-element_type=\"column\">\n\t\t\t<div class=\"elementor-widget-wrap elementor-element-populated\">\n\t\t\t\t\t\t<div class=\"elementor-element elementor-element-38c6cd5 elementor-widget elementor-widget-image\" data-id=\"38c6cd5\" data-element_type=\"widget\" data-widget_type=\"image.default\">\n\t\t\t\t<div class=\"elementor-widget-container\">\n\t\t\t\t\t\t\t\t\t\t\t\t\t<img fetchpriority=\"high\" decoding=\"async\" width=\"984\" height=\"1024\" src=\"https:\/\/exploratriceduquotidien.com\/exploratrice\/wp-content\/uploads\/2026\/01\/pele-mele-affiche-image.jpg\" class=\"attachment-large size-large wp-image-2630\" alt=\"\" srcset=\"https:\/\/exploratriceduquotidien.com\/exploratrice\/wp-content\/uploads\/2026\/01\/pele-mele-affiche-image.jpg 985w, https:\/\/exploratriceduquotidien.com\/exploratrice\/wp-content\/uploads\/2026\/01\/pele-mele-affiche-image-288x300.jpg 288w, https:\/\/exploratriceduquotidien.com\/exploratrice\/wp-content\/uploads\/2026\/01\/pele-mele-affiche-image-768x799.jpg 768w\" sizes=\"(max-width: 984px) 100vw, 984px\" \/>\t\t\t\t\t\t\t\t\t\t\t\t\t<\/div>\n\t\t\t\t<\/div>\n\t\t\t\t\t<\/div>\n\t\t<\/div>\n\t\t\t\t<div class=\"elementor-column elementor-col-50 elementor-top-column elementor-element elementor-element-a146f1e\" data-id=\"a146f1e\" data-element_type=\"column\">\n\t\t\t<div class=\"elementor-widget-wrap elementor-element-populated\">\n\t\t\t\t\t\t<div class=\"elementor-element elementor-element-fd93566 elementor-widget elementor-widget-text-editor\" data-id=\"fd93566\" data-element_type=\"widget\" data-widget_type=\"text-editor.default\">\n\t\t\t\t<div class=\"elementor-widget-container\">\n\t\t\t\t\t\t\t<p><br><\/p><p><br><\/p><p><br><\/p><p>Vous aimez la vaisselle vintage. D\u00e9couvrez quelques p\u00e9pites sur les profils suivants :<\/p>\n<p>Vinted : happycg<\/p>\n<p>Leboncoin : happyC<\/p>\n<p><\/p>\t\t\t\t\t\t<\/div>\n\t\t\t\t<\/div>\n\t\t\t\t\t<\/div>\n\t\t<\/div>\n\t\t\t\t\t<\/div>\n\t\t<\/section>\n\t\t\t\t<section class=\"elementor-section elementor-top-section elementor-element elementor-element-f90df4d elementor-section-boxed elementor-section-height-default elementor-section-height-default\" data-id=\"f90df4d\" data-element_type=\"section\">\n\t\t\t\t\t\t<div class=\"elementor-container elementor-column-gap-default\">\n\t\t\t\t\t<div class=\"elementor-column elementor-col-100 elementor-top-column elementor-element elementor-element-600ac5c\" data-id=\"600ac5c\" data-element_type=\"column\">\n\t\t\t<div class=\"elementor-widget-wrap elementor-element-populated\">\n\t\t\t\t\t\t<div class=\"elementor-element elementor-element-7214201 elementor-widget elementor-widget-text-editor\" data-id=\"7214201\" data-element_type=\"widget\" data-widget_type=\"text-editor.default\">\n\t\t\t\t<div class=\"elementor-widget-container\">\n\t\t\t\t\t\t\t<p><br><\/p><p>Un nouveau projet est en pr\u00e9paration, \u00e0 tr\u00e8s bient\u00f4t pour en savoir plus&#8230;<\/p>\t\t\t\t\t\t<\/div>\n\t\t\t\t<\/div>\n\t\t\t\t\t<\/div>\n\t\t<\/div>\n\t\t\t\t\t<\/div>\n\t\t<\/section>\n\t\t\t\t<\/div>\n\t\t","protected":false},"excerpt":{"rendered":"<p>Seconde Main La seconde main, c&rsquo;est un peu une seconde nature&#8230; Recycler des meubles ou d\u00e9tourner des objets anciens pour leur donner une nouvelle vie. Trouver les v\u00eatements et les objets du quotidien dans les friperies, les recycleries, les vides greniers&#8230; D\u00e9nicher des mat\u00e9riaux de r\u00e9novation d\u00e9class\u00e9s, en r\u00e9emploi, recycl\u00e9s&#8230; Et surtout assouvir ma passion [&hellip;]<\/p>\n","protected":false},"author":1,"featured_media":0,"parent":0,"menu_order":0,"comment_status":"closed","ping_status":"closed","template":"","meta":{"site-sidebar-layout":"no-sidebar","site-content-layout":"page-builder","ast-site-content-layout":"full-width-container","site-content-style":"default","site-sidebar-style":"default","ast-global-header-display":"","ast-banner-title-visibility":"","ast-main-header-display":"","ast-hfb-above-header-display":"","ast-hfb-below-header-display":"","ast-hfb-mobile-header-display":"","site-post-title":"disabled","ast-breadcrumbs-content":"","ast-featured-img":"disabled","footer-sml-layout":"","theme-transparent-header-meta":"","adv-header-id-meta":"","stick-header-meta":"","header-above-stick-meta":"","header-main-stick-meta":"","header-below-stick-meta":"","astra-migrate-meta-layouts":"set","ast-page-background-enabled":"default","ast-page-background-meta":{"desktop":{"background-color":"","background-image":"","background-repeat":"repeat","background-position":"center center","background-size":"auto","background-attachment":"scroll","background-type":"","background-media":"","overlay-type":"","overlay-color":"","overlay-opacity":"","overlay-gradient":""},"tablet":{"background-color":"","background-image":"","background-repeat":"repeat","background-position":"center center","background-size":"auto","background-attachment":"scroll","background-type":"","background-media":"","overlay-type":"","overlay-color":"","overlay-opacity":"","overlay-gradient":""},"mobile":{"background-color":"","background-image":"","background-repeat":"repeat","background-position":"center center","background-size":"auto","background-attachment":"scroll","background-type":"","background-media":"","overlay-type":"","overlay-color":"","overlay-opacity":"","overlay-gradient":""}},"ast-content-background-meta":{"desktop":{"background-color":"var(--ast-global-color-5)","background-image":"","background-repeat":"repeat","background-position":"center center","background-size":"auto","background-attachment":"scroll","background-type":"","background-media":"","overlay-type":"","overlay-color":"","overlay-opacity":"","overlay-gradient":""},"tablet":{"background-color":"var(--ast-global-color-5)","background-image":"","background-repeat":"repeat","background-position":"center center","background-size":"auto","background-attachment":"scroll","background-type":"","background-media":"","overlay-type":"","overlay-color":"","overlay-opacity":"","overlay-gradient":""},"mobile":{"background-color":"var(--ast-global-color-5)","background-image":"","background-repeat":"repeat","background-position":"center center","background-size":"auto","background-attachment":"scroll","background-type":"","background-media":"","overlay-type":"","overlay-color":"","overlay-opacity":"","overlay-gradient":""}},"footnotes":""},"class_list":["post-2591","page","type-page","status-publish","hentry"],"_links":{"self":[{"href":"https:\/\/exploratriceduquotidien.com\/exploratrice\/wp-json\/wp\/v2\/pages\/2591"}],"collection":[{"href":"https:\/\/exploratriceduquotidien.com\/exploratrice\/wp-json\/wp\/v2\/pages"}],"about":[{"href":"https:\/\/exploratriceduquotidien.com\/exploratrice\/wp-json\/wp\/v2\/types\/page"}],"author":[{"embeddable":true,"href":"https:\/\/exploratriceduquotidien.com\/exploratrice\/wp-json\/wp\/v2\/users\/1"}],"replies":[{"embeddable":true,"href":"https:\/\/exploratriceduquotidien.com\/exploratrice\/wp-json\/wp\/v2\/comments?post=2591"}],"version-history":[{"count":22,"href":"https:\/\/exploratriceduquotidien.com\/exploratrice\/wp-json\/wp\/v2\/pages\/2591\/revisions"}],"predecessor-version":[{"id":2636,"href":"https:\/\/exploratriceduquotidien.com\/exploratrice\/wp-json\/wp\/v2\/pages\/2591\/revisions\/2636"}],"wp:attachment":[{"href":"https:\/\/exploratriceduquotidien.com\/exploratrice\/wp-json\/wp\/v2\/media?parent=2591"}],"curies":[{"name":"wp","href":"https:\/\/api.w.org\/{rel}","templated":true}]}}