{"id":2101,"date":"2023-03-24T22:19:53","date_gmt":"2023-03-24T21:19:53","guid":{"rendered":"https:\/\/exploratriceduquotidien.com\/exploratrice\/?page_id=2101"},"modified":"2023-03-25T10:36:05","modified_gmt":"2023-03-25T09:36:05","slug":"diy-creer-votre-bocal-a-bonheur","status":"publish","type":"page","link":"https:\/\/exploratriceduquotidien.com\/exploratrice\/diy-creer-votre-bocal-a-bonheur\/","title":{"rendered":"DIY cr\u00e9er votre bocal \u00e0 bonheur"},"content":{"rendered":"\t\t<div data-elementor-type=\"wp-page\" data-elementor-id=\"2101\" class=\"elementor elementor-2101\">\n\t\t\t\t\t\t<section class=\"elementor-section elementor-top-section elementor-element elementor-element-45f34e3 elementor-section-boxed elementor-section-height-default elementor-section-height-default\" data-id=\"45f34e3\" data-element_type=\"section\">\n\t\t\t\t\t\t<div class=\"elementor-container elementor-column-gap-default\">\n\t\t\t\t\t<div class=\"elementor-column elementor-col-33 elementor-top-column elementor-element elementor-element-7941f97\" data-id=\"7941f97\" data-element_type=\"column\">\n\t\t\t<div class=\"elementor-widget-wrap elementor-element-populated\">\n\t\t\t\t\t\t<div class=\"elementor-element elementor-element-229b909 elementor-widget elementor-widget-image\" data-id=\"229b909\" data-element_type=\"widget\" data-widget_type=\"image.default\">\n\t\t\t\t<div class=\"elementor-widget-container\">\n\t\t\t\t\t\t\t\t\t\t\t\t\t<img fetchpriority=\"high\" decoding=\"async\" width=\"768\" height=\"1024\" src=\"https:\/\/exploratriceduquotidien.com\/exploratrice\/wp-content\/uploads\/2023\/03\/20211207_171053-1-768x1024.jpg\" class=\"attachment-large size-large wp-image-2127\" alt=\"\" srcset=\"https:\/\/exploratriceduquotidien.com\/exploratrice\/wp-content\/uploads\/2023\/03\/20211207_171053-1-768x1024.jpg 768w, https:\/\/exploratriceduquotidien.com\/exploratrice\/wp-content\/uploads\/2023\/03\/20211207_171053-1-225x300.jpg 225w, https:\/\/exploratriceduquotidien.com\/exploratrice\/wp-content\/uploads\/2023\/03\/20211207_171053-1-1152x1536.jpg 1152w, https:\/\/exploratriceduquotidien.com\/exploratrice\/wp-content\/uploads\/2023\/03\/20211207_171053-1-1536x2048.jpg 1536w, https:\/\/exploratriceduquotidien.com\/exploratrice\/wp-content\/uploads\/2023\/03\/20211207_171053-1-1320x1760.jpg 1320w, https:\/\/exploratriceduquotidien.com\/exploratrice\/wp-content\/uploads\/2023\/03\/20211207_171053-1-600x800.jpg 600w, https:\/\/exploratriceduquotidien.com\/exploratrice\/wp-content\/uploads\/2023\/03\/20211207_171053-1-scaled.jpg 1920w\" sizes=\"(max-width: 768px) 100vw, 768px\" \/>\t\t\t\t\t\t\t\t\t\t\t\t\t<\/div>\n\t\t\t\t<\/div>\n\t\t\t\t\t<\/div>\n\t\t<\/div>\n\t\t\t\t<div class=\"elementor-column elementor-col-66 elementor-top-column elementor-element elementor-element-96009fe\" data-id=\"96009fe\" data-element_type=\"column\">\n\t\t\t<div class=\"elementor-widget-wrap elementor-element-populated\">\n\t\t\t\t\t\t<div class=\"elementor-element elementor-element-590ab15 elementor-widget elementor-widget-text-editor\" data-id=\"590ab15\" data-element_type=\"widget\" data-widget_type=\"text-editor.default\">\n\t\t\t\t<div class=\"elementor-widget-container\">\n\t\t\t\t\t\t\t<div dir=\"auto\">Atelier cr\u00e9atif\u00a0<\/div><div dir=\"auto\">Cr\u00e9er votre Bocal \u00e0 Bonheur\u00a0<\/div><div dir=\"auto\">\u00a0<\/div><div dir=\"auto\">C&rsquo;est quoi un bocal \u00e0 bonheur ?<\/div><div dir=\"auto\">C&rsquo;est avant tout un outil magique pour cultiver sa joie de vivre et son \u00e9nergie positive au quotidien. Pour aider notre cerveau \u00e0 se focaliser sur les belles choses qui se passent dans notre vie et sur notre capacit\u00e9 \u00e0 voir le verre \u00e0 moiti\u00e9 plein.<\/div><div dir=\"auto\">\u00a0<\/div><div dir=\"auto\">Plus concr\u00e8tement, c&rsquo;est un joli pot o\u00f9 l&rsquo;on d\u00e9pose des messages positifs et inspirants, des souvenirs, des d\u00e9fis&#8230; dans lequel on pioche quand le besoin d&rsquo;un petit coup de boost se fait sentir ou tout simplement quand on en a envie.<\/div><div dir=\"auto\">\u00a0<\/div><div dir=\"auto\">Envie de cr\u00e9er vous m\u00eame votre bocal \u00e0 bonheur ou d&rsquo;en cr\u00e9er un pour offrir \u00e0 une personne que vous aimez ?<\/div><div dir=\"auto\">\u00a0<\/div><div dir=\"auto\">2 heures d&rsquo;atelier ludique et cr\u00e9atif.<\/div><div dir=\"auto\">\u00a0<\/div><div dir=\"auto\">Sur inscription uniquement<\/div><div dir=\"auto\">En petit groupe de 10 personnes maximum<\/div><div dir=\"auto\">\u00a0<\/div><div dir=\"auto\">25\u20ac<\/div>\t\t\t\t\t\t<\/div>\n\t\t\t\t<\/div>\n\t\t\t\t\t<\/div>\n\t\t<\/div>\n\t\t\t\t\t<\/div>\n\t\t<\/section>\n\t\t\t\t<section class=\"elementor-section elementor-top-section elementor-element elementor-element-fb93e51 elementor-section-boxed elementor-section-height-default elementor-section-height-default\" data-id=\"fb93e51\" data-element_type=\"section\">\n\t\t\t\t\t\t<div class=\"elementor-container elementor-column-gap-default\">\n\t\t\t\t\t<div class=\"elementor-column elementor-col-100 elementor-top-column elementor-element elementor-element-4e3905d\" data-id=\"4e3905d\" data-element_type=\"column\">\n\t\t\t<div class=\"elementor-widget-wrap elementor-element-populated\">\n\t\t\t\t\t\t<div class=\"elementor-element elementor-element-c5239f9 elementor-align-center elementor-widget elementor-widget-button\" data-id=\"c5239f9\" data-element_type=\"widget\" data-widget_type=\"button.default\">\n\t\t\t\t<div class=\"elementor-widget-container\">\n\t\t\t\t\t\t\t<div class=\"elementor-button-wrapper\">\n\t\t\t\t\t<a class=\"elementor-button elementor-button-link elementor-size-sm\" href=\"https:\/\/exploratriceduquotidien.com\/exploratrice\/contact\/\">\n\t\t\t\t\t\t<span class=\"elementor-button-content-wrapper\">\n\t\t\t\t\t\t\t\t\t<span class=\"elementor-button-text\">Pour r\u00e9server votre atelier<\/span>\n\t\t\t\t\t<\/span>\n\t\t\t\t\t<\/a>\n\t\t\t\t<\/div>\n\t\t\t\t\t\t<\/div>\n\t\t\t\t<\/div>\n\t\t\t\t\t<\/div>\n\t\t<\/div>\n\t\t\t\t\t<\/div>\n\t\t<\/section>\n\t\t\t\t<\/div>\n\t\t","protected":false},"excerpt":{"rendered":"<p>Atelier cr\u00e9atif\u00a0Cr\u00e9er votre Bocal \u00e0 Bonheur\u00a0\u00a0C&rsquo;est quoi un bocal \u00e0 bonheur ?C&rsquo;est avant tout un outil magique pour cultiver sa joie de vivre et son \u00e9nergie positive au quotidien. Pour aider notre cerveau \u00e0 se focaliser sur les belles choses qui se passent dans notre vie et sur notre capacit\u00e9 \u00e0 voir le verre \u00e0 [&hellip;]<\/p>\n","protected":false},"author":1,"featured_media":0,"parent":0,"menu_order":0,"comment_status":"closed","ping_status":"closed","template":"","meta":{"site-sidebar-layout":"no-sidebar","site-content-layout":"page-builder","ast-site-content-layout":"","site-content-style":"default","site-sidebar-style":"default","ast-global-header-display":"","ast-banner-title-visibility":"","ast-main-header-display":"","ast-hfb-above-header-display":"","ast-hfb-below-header-display":"","ast-hfb-mobile-header-display":"","site-post-title":"disabled","ast-breadcrumbs-content":"","ast-featured-img":"disabled","footer-sml-layout":"","theme-transparent-header-meta":"","adv-header-id-meta":"","stick-header-meta":"","header-above-stick-meta":"","header-main-stick-meta":"","header-below-stick-meta":"","astra-migrate-meta-layouts":"default","ast-page-background-enabled":"default","ast-page-background-meta":{"desktop":{"background-color":"","background-image":"","background-repeat":"repeat","background-position":"center center","background-size":"auto","background-attachment":"scroll","background-type":"","background-media":"","overlay-type":"","overlay-color":"","overlay-opacity":"","overlay-gradient":""},"tablet":{"background-color":"","background-image":"","background-repeat":"repeat","background-position":"center center","background-size":"auto","background-attachment":"scroll","background-type":"","background-media":"","overlay-type":"","overlay-color":"","overlay-opacity":"","overlay-gradient":""},"mobile":{"background-color":"","background-image":"","background-repeat":"repeat","background-position":"center center","background-size":"auto","background-attachment":"scroll","background-type":"","background-media":"","overlay-type":"","overlay-color":"","overlay-opacity":"","overlay-gradient":""}},"ast-content-background-meta":{"desktop":{"background-color":"var(--ast-global-color-5)","background-image":"","background-repeat":"repeat","background-position":"center center","background-size":"auto","background-attachment":"scroll","background-type":"","background-media":"","overlay-type":"","overlay-color":"","overlay-opacity":"","overlay-gradient":""},"tablet":{"background-color":"var(--ast-global-color-5)","background-image":"","background-repeat":"repeat","background-position":"center center","background-size":"auto","background-attachment":"scroll","background-type":"","background-media":"","overlay-type":"","overlay-color":"","overlay-opacity":"","overlay-gradient":""},"mobile":{"background-color":"var(--ast-global-color-5)","background-image":"","background-repeat":"repeat","background-position":"center center","background-size":"auto","background-attachment":"scroll","background-type":"","background-media":"","overlay-type":"","overlay-color":"","overlay-opacity":"","overlay-gradient":""}},"footnotes":""},"class_list":["post-2101","page","type-page","status-publish","hentry"],"_links":{"self":[{"href":"https:\/\/exploratriceduquotidien.com\/exploratrice\/wp-json\/wp\/v2\/pages\/2101"}],"collection":[{"href":"https:\/\/exploratriceduquotidien.com\/exploratrice\/wp-json\/wp\/v2\/pages"}],"about":[{"href":"https:\/\/exploratriceduquotidien.com\/exploratrice\/wp-json\/wp\/v2\/types\/page"}],"author":[{"embeddable":true,"href":"https:\/\/exploratriceduquotidien.com\/exploratrice\/wp-json\/wp\/v2\/users\/1"}],"replies":[{"embeddable":true,"href":"https:\/\/exploratriceduquotidien.com\/exploratrice\/wp-json\/wp\/v2\/comments?post=2101"}],"version-history":[{"count":10,"href":"https:\/\/exploratriceduquotidien.com\/exploratrice\/wp-json\/wp\/v2\/pages\/2101\/revisions"}],"predecessor-version":[{"id":2227,"href":"https:\/\/exploratriceduquotidien.com\/exploratrice\/wp-json\/wp\/v2\/pages\/2101\/revisions\/2227"}],"wp:attachment":[{"href":"https:\/\/exploratriceduquotidien.com\/exploratrice\/wp-json\/wp\/v2\/media?parent=2101"}],"curies":[{"name":"wp","href":"https:\/\/api.w.org\/{rel}","templated":true}]}}