{"id":2036,"date":"2023-03-24T20:05:38","date_gmt":"2023-03-24T19:05:38","guid":{"rendered":"https:\/\/exploratriceduquotidien.com\/exploratrice\/?page_id=2036"},"modified":"2023-03-25T10:02:07","modified_gmt":"2023-03-25T09:02:07","slug":"bocal-21-pratiques-positives","status":"publish","type":"page","link":"https:\/\/exploratriceduquotidien.com\/exploratrice\/bocal-21-pratiques-positives\/","title":{"rendered":"Bocal 21 pratiques positives"},"content":{"rendered":"\t\t<div data-elementor-type=\"wp-page\" data-elementor-id=\"2036\" class=\"elementor elementor-2036\">\n\t\t\t\t\t\t<section class=\"elementor-section elementor-top-section elementor-element elementor-element-0d0a2af elementor-section-boxed elementor-section-height-default elementor-section-height-default\" data-id=\"0d0a2af\" data-element_type=\"section\">\n\t\t\t\t\t\t<div class=\"elementor-container elementor-column-gap-default\">\n\t\t\t\t\t<div class=\"elementor-column elementor-col-50 elementor-top-column elementor-element elementor-element-c0521a6\" data-id=\"c0521a6\" data-element_type=\"column\">\n\t\t\t<div class=\"elementor-widget-wrap elementor-element-populated\">\n\t\t\t\t\t\t<div class=\"elementor-element elementor-element-ba02c3c elementor-widget elementor-widget-image\" data-id=\"ba02c3c\" data-element_type=\"widget\" data-widget_type=\"image.default\">\n\t\t\t\t<div class=\"elementor-widget-container\">\n\t\t\t\t\t\t\t\t\t\t\t\t\t<img fetchpriority=\"high\" decoding=\"async\" width=\"940\" height=\"788\" src=\"https:\/\/exploratriceduquotidien.com\/exploratrice\/wp-content\/uploads\/2023\/03\/Sans-titre-1.jpg\" class=\"attachment-large size-large wp-image-2134\" alt=\"\" srcset=\"https:\/\/exploratriceduquotidien.com\/exploratrice\/wp-content\/uploads\/2023\/03\/Sans-titre-1.jpg 940w, https:\/\/exploratriceduquotidien.com\/exploratrice\/wp-content\/uploads\/2023\/03\/Sans-titre-1-300x251.jpg 300w, https:\/\/exploratriceduquotidien.com\/exploratrice\/wp-content\/uploads\/2023\/03\/Sans-titre-1-768x644.jpg 768w, https:\/\/exploratriceduquotidien.com\/exploratrice\/wp-content\/uploads\/2023\/03\/Sans-titre-1-600x503.jpg 600w\" sizes=\"(max-width: 940px) 100vw, 940px\" \/>\t\t\t\t\t\t\t\t\t\t\t\t\t<\/div>\n\t\t\t\t<\/div>\n\t\t\t\t\t<\/div>\n\t\t<\/div>\n\t\t\t\t<div class=\"elementor-column elementor-col-50 elementor-top-column elementor-element elementor-element-c649a2c\" data-id=\"c649a2c\" data-element_type=\"column\">\n\t\t\t<div class=\"elementor-widget-wrap elementor-element-populated\">\n\t\t\t\t\t\t<div class=\"elementor-element elementor-element-30b73e8 elementor-widget elementor-widget-image\" data-id=\"30b73e8\" data-element_type=\"widget\" data-widget_type=\"image.default\">\n\t\t\t\t<div class=\"elementor-widget-container\">\n\t\t\t\t\t\t\t\t\t\t\t\t\t<img decoding=\"async\" width=\"940\" height=\"788\" src=\"https:\/\/exploratriceduquotidien.com\/exploratrice\/wp-content\/uploads\/2023\/03\/Sans-titre-2.jpg\" class=\"attachment-large size-large wp-image-2161\" alt=\"\" srcset=\"https:\/\/exploratriceduquotidien.com\/exploratrice\/wp-content\/uploads\/2023\/03\/Sans-titre-2.jpg 940w, https:\/\/exploratriceduquotidien.com\/exploratrice\/wp-content\/uploads\/2023\/03\/Sans-titre-2-300x251.jpg 300w, https:\/\/exploratriceduquotidien.com\/exploratrice\/wp-content\/uploads\/2023\/03\/Sans-titre-2-768x644.jpg 768w, https:\/\/exploratriceduquotidien.com\/exploratrice\/wp-content\/uploads\/2023\/03\/Sans-titre-2-600x503.jpg 600w\" sizes=\"(max-width: 940px) 100vw, 940px\" \/>\t\t\t\t\t\t\t\t\t\t\t\t\t<\/div>\n\t\t\t\t<\/div>\n\t\t\t\t\t<\/div>\n\t\t<\/div>\n\t\t\t\t\t<\/div>\n\t\t<\/section>\n\t\t\t\t<section class=\"elementor-section elementor-top-section elementor-element elementor-element-960a661 elementor-section-boxed elementor-section-height-default elementor-section-height-default\" data-id=\"960a661\" data-element_type=\"section\">\n\t\t\t\t\t\t<div class=\"elementor-container elementor-column-gap-default\">\n\t\t\t\t\t<div class=\"elementor-column elementor-col-100 elementor-top-column elementor-element elementor-element-45daedc\" data-id=\"45daedc\" data-element_type=\"column\">\n\t\t\t<div class=\"elementor-widget-wrap elementor-element-populated\">\n\t\t\t\t\t\t<div class=\"elementor-element elementor-element-6c47419 elementor-widget elementor-widget-text-editor\" data-id=\"6c47419\" data-element_type=\"widget\" data-widget_type=\"text-editor.default\">\n\t\t\t\t<div class=\"elementor-widget-container\">\n\t\t\t\t\t\t\t<div dir=\"auto\">Le bocal \u00ab\u00a021 pratiques positives qui changent la vie\u00a0\u00bb<\/div><div dir=\"auto\">\u00a0<\/div><div dir=\"auto\">J&rsquo;ai concoct\u00e9 pour vous un bocal hyper vitamin\u00e9 pour d\u00e9couvrir et exp\u00e9rimenter 21 pratiques et exercices, pour vous aider concr\u00e8tement \u00e0 entretenir un mental positif au quotidien.<\/div><div dir=\"auto\">A effectuer en 21 jours ou \u00e0 votre rythme.<\/div><div dir=\"auto\">Il est fort \u00e0 parier que certaines d&rsquo;entre elles deviendront vos compagnes quotidiennes.<\/div><div dir=\"auto\">\u00a0<\/div><div dir=\"auto\">Disponible pour seulement 20\u20ac<\/div><div dir=\"auto\">\u00a0<\/div><div dir=\"auto\">Remise en mains propres \u00e0 Nantes ou envoi via Mondial Relay (frais de port en sus)<\/div>\t\t\t\t\t\t<\/div>\n\t\t\t\t<\/div>\n\t\t\t\t\t<\/div>\n\t\t<\/div>\n\t\t\t\t\t<\/div>\n\t\t<\/section>\n\t\t\t\t<section class=\"elementor-section elementor-top-section elementor-element elementor-element-c9bb63e elementor-section-boxed elementor-section-height-default elementor-section-height-default\" data-id=\"c9bb63e\" data-element_type=\"section\">\n\t\t\t\t\t\t<div class=\"elementor-container elementor-column-gap-default\">\n\t\t\t\t\t<div class=\"elementor-column elementor-col-100 elementor-top-column elementor-element elementor-element-e651d48\" data-id=\"e651d48\" data-element_type=\"column\">\n\t\t\t<div class=\"elementor-widget-wrap elementor-element-populated\">\n\t\t\t\t\t\t<div class=\"elementor-element elementor-element-4c967ba elementor-align-center elementor-widget elementor-widget-button\" data-id=\"4c967ba\" data-element_type=\"widget\" data-widget_type=\"button.default\">\n\t\t\t\t<div class=\"elementor-widget-container\">\n\t\t\t\t\t\t\t<div class=\"elementor-button-wrapper\">\n\t\t\t\t\t<a class=\"elementor-button elementor-button-link elementor-size-sm\" href=\"https:\/\/exploratriceduquotidien.com\/exploratrice\/contact\/\">\n\t\t\t\t\t\t<span class=\"elementor-button-content-wrapper\">\n\t\t\t\t\t\t\t\t\t<span class=\"elementor-button-text\">Pour commander<\/span>\n\t\t\t\t\t<\/span>\n\t\t\t\t\t<\/a>\n\t\t\t\t<\/div>\n\t\t\t\t\t\t<\/div>\n\t\t\t\t<\/div>\n\t\t\t\t\t<\/div>\n\t\t<\/div>\n\t\t\t\t\t<\/div>\n\t\t<\/section>\n\t\t\t\t<\/div>\n\t\t","protected":false},"excerpt":{"rendered":"<p>Le bocal \u00ab\u00a021 pratiques positives qui changent la vie\u00a0\u00bb\u00a0J&rsquo;ai concoct\u00e9 pour vous un bocal hyper vitamin\u00e9 pour d\u00e9couvrir et exp\u00e9rimenter 21 pratiques et exercices, pour vous aider concr\u00e8tement \u00e0 entretenir un mental positif au quotidien.A effectuer en 21 jours ou \u00e0 votre rythme.Il est fort \u00e0 parier que certaines d&rsquo;entre elles deviendront vos compagnes quotidiennes.\u00a0Disponible [&hellip;]<\/p>\n","protected":false},"author":1,"featured_media":0,"parent":0,"menu_order":0,"comment_status":"closed","ping_status":"closed","template":"","meta":{"site-sidebar-layout":"no-sidebar","site-content-layout":"page-builder","ast-site-content-layout":"","site-content-style":"default","site-sidebar-style":"default","ast-global-header-display":"","ast-banner-title-visibility":"","ast-main-header-display":"","ast-hfb-above-header-display":"","ast-hfb-below-header-display":"","ast-hfb-mobile-header-display":"","site-post-title":"disabled","ast-breadcrumbs-content":"","ast-featured-img":"disabled","footer-sml-layout":"","theme-transparent-header-meta":"","adv-header-id-meta":"","stick-header-meta":"","header-above-stick-meta":"","header-main-stick-meta":"","header-below-stick-meta":"","astra-migrate-meta-layouts":"default","ast-page-background-enabled":"default","ast-page-background-meta":{"desktop":{"background-color":"","background-image":"","background-repeat":"repeat","background-position":"center center","background-size":"auto","background-attachment":"scroll","background-type":"","background-media":"","overlay-type":"","overlay-color":"","overlay-opacity":"","overlay-gradient":""},"tablet":{"background-color":"","background-image":"","background-repeat":"repeat","background-position":"center center","background-size":"auto","background-attachment":"scroll","background-type":"","background-media":"","overlay-type":"","overlay-color":"","overlay-opacity":"","overlay-gradient":""},"mobile":{"background-color":"","background-image":"","background-repeat":"repeat","background-position":"center center","background-size":"auto","background-attachment":"scroll","background-type":"","background-media":"","overlay-type":"","overlay-color":"","overlay-opacity":"","overlay-gradient":""}},"ast-content-background-meta":{"desktop":{"background-color":"var(--ast-global-color-5)","background-image":"","background-repeat":"repeat","background-position":"center center","background-size":"auto","background-attachment":"scroll","background-type":"","background-media":"","overlay-type":"","overlay-color":"","overlay-opacity":"","overlay-gradient":""},"tablet":{"background-color":"var(--ast-global-color-5)","background-image":"","background-repeat":"repeat","background-position":"center center","background-size":"auto","background-attachment":"scroll","background-type":"","background-media":"","overlay-type":"","overlay-color":"","overlay-opacity":"","overlay-gradient":""},"mobile":{"background-color":"var(--ast-global-color-5)","background-image":"","background-repeat":"repeat","background-position":"center center","background-size":"auto","background-attachment":"scroll","background-type":"","background-media":"","overlay-type":"","overlay-color":"","overlay-opacity":"","overlay-gradient":""}},"footnotes":""},"class_list":["post-2036","page","type-page","status-publish","hentry"],"_links":{"self":[{"href":"https:\/\/exploratriceduquotidien.com\/exploratrice\/wp-json\/wp\/v2\/pages\/2036"}],"collection":[{"href":"https:\/\/exploratriceduquotidien.com\/exploratrice\/wp-json\/wp\/v2\/pages"}],"about":[{"href":"https:\/\/exploratriceduquotidien.com\/exploratrice\/wp-json\/wp\/v2\/types\/page"}],"author":[{"embeddable":true,"href":"https:\/\/exploratriceduquotidien.com\/exploratrice\/wp-json\/wp\/v2\/users\/1"}],"replies":[{"embeddable":true,"href":"https:\/\/exploratriceduquotidien.com\/exploratrice\/wp-json\/wp\/v2\/comments?post=2036"}],"version-history":[{"count":13,"href":"https:\/\/exploratriceduquotidien.com\/exploratrice\/wp-json\/wp\/v2\/pages\/2036\/revisions"}],"predecessor-version":[{"id":2164,"href":"https:\/\/exploratriceduquotidien.com\/exploratrice\/wp-json\/wp\/v2\/pages\/2036\/revisions\/2164"}],"wp:attachment":[{"href":"https:\/\/exploratriceduquotidien.com\/exploratrice\/wp-json\/wp\/v2\/media?parent=2036"}],"curies":[{"name":"wp","href":"https:\/\/api.w.org\/{rel}","templated":true}]}}