{"id":1961,"date":"2023-03-24T16:30:33","date_gmt":"2023-03-24T15:30:33","guid":{"rendered":"https:\/\/exploratriceduquotidien.com\/exploratrice\/?page_id=1961"},"modified":"2026-04-27T16:42:46","modified_gmt":"2026-04-27T14:42:46","slug":"coup-de-pouce-coaching","status":"publish","type":"page","link":"https:\/\/exploratriceduquotidien.com\/exploratrice\/coup-de-pouce-coaching\/","title":{"rendered":"Coup de Pouce Coaching"},"content":{"rendered":"\t\t<div data-elementor-type=\"wp-page\" data-elementor-id=\"1961\" class=\"elementor elementor-1961\">\n\t\t\t\t\t\t<section class=\"elementor-section elementor-top-section elementor-element elementor-element-aa5f1b6 elementor-section-boxed elementor-section-height-default elementor-section-height-default\" data-id=\"aa5f1b6\" data-element_type=\"section\">\n\t\t\t\t\t\t<div class=\"elementor-container elementor-column-gap-default\">\n\t\t\t\t\t<div class=\"elementor-column elementor-col-33 elementor-top-column elementor-element elementor-element-fb2e8be\" data-id=\"fb2e8be\" data-element_type=\"column\">\n\t\t\t<div class=\"elementor-widget-wrap elementor-element-populated\">\n\t\t\t\t\t\t<div class=\"elementor-element elementor-element-cd8934a elementor-widget elementor-widget-image\" data-id=\"cd8934a\" data-element_type=\"widget\" data-widget_type=\"image.default\">\n\t\t\t\t<div class=\"elementor-widget-container\">\n\t\t\t\t\t\t\t\t\t\t\t\t\t<img fetchpriority=\"high\" decoding=\"async\" width=\"640\" height=\"480\" src=\"https:\/\/exploratriceduquotidien.com\/exploratrice\/wp-content\/uploads\/2023\/03\/woman-g0be0117c3_640.jpg\" class=\"attachment-large size-large wp-image-1963\" alt=\"\" srcset=\"https:\/\/exploratriceduquotidien.com\/exploratrice\/wp-content\/uploads\/2023\/03\/woman-g0be0117c3_640.jpg 640w, https:\/\/exploratriceduquotidien.com\/exploratrice\/wp-content\/uploads\/2023\/03\/woman-g0be0117c3_640-300x225.jpg 300w, https:\/\/exploratriceduquotidien.com\/exploratrice\/wp-content\/uploads\/2023\/03\/woman-g0be0117c3_640-600x450.jpg 600w\" sizes=\"(max-width: 640px) 100vw, 640px\" \/>\t\t\t\t\t\t\t\t\t\t\t\t\t<\/div>\n\t\t\t\t<\/div>\n\t\t\t\t\t<\/div>\n\t\t<\/div>\n\t\t\t\t<div class=\"elementor-column elementor-col-66 elementor-top-column elementor-element elementor-element-de890c2\" data-id=\"de890c2\" data-element_type=\"column\">\n\t\t\t<div class=\"elementor-widget-wrap elementor-element-populated\">\n\t\t\t\t\t\t<div class=\"elementor-element elementor-element-c4431b5 elementor-widget elementor-widget-text-editor\" data-id=\"c4431b5\" data-element_type=\"widget\" data-widget_type=\"text-editor.default\">\n\t\t\t\t<div class=\"elementor-widget-container\">\n\t\t\t\t\t\t\t<p>Une question vous turlupine ?<\/p><div dir=\"auto\">\u00a0<\/div><div dir=\"auto\">Vous \u00eates dans le flou dans votre vie personnelle ou professionnelle ?<\/div><div dir=\"auto\">\u00a0<\/div><div dir=\"auto\">Vous sentez qu\u2019il vous manque un petit quelque chose pour y voir plus clair ?<\/div><div dir=\"auto\">\u00a0<\/div><div dir=\"auto\">Et si vous en parliez \u00e0 quelqu\u2019un qui vous \u00e9coutera sans jugement et vous questionnera pour vous aider \u00e0 faire le point.<\/div><div dir=\"auto\">\u00a0<\/div><div dir=\"auto\">Il y a de nombreux possibles, mon r\u00f4le vous aider \u00e0 les voir<\/div><div dir=\"auto\">\u00a0<\/div><div dir=\"auto\">Et parce que bienveillance ne signifie pas complaisance, pas de langue de bois au cours de ce moment juste pour vous<\/div><div dir=\"auto\">\u00a0<\/div><div dir=\"auto\">Pas envie d&rsquo;y passer des semaines. Les coups de pouce sont faits pour vous.<\/div><div dir=\"auto\">Une s\u00e9ance unique ou une journ\u00e9e pour faire le point, ouvrir le champ des possibles et passer \u00e0 l&rsquo;action<\/div><div dir=\"auto\">150\u20ac la s\u00e9ance unique d&rsquo;1h30<br \/>700\u20ac la journ\u00e9e<\/div>\t\t\t\t\t\t<\/div>\n\t\t\t\t<\/div>\n\t\t\t\t\t<\/div>\n\t\t<\/div>\n\t\t\t\t\t<\/div>\n\t\t<\/section>\n\t\t\t\t<section class=\"elementor-section elementor-top-section elementor-element elementor-element-4eb2cd3 elementor-section-boxed elementor-section-height-default elementor-section-height-default\" data-id=\"4eb2cd3\" data-element_type=\"section\">\n\t\t\t\t\t\t<div class=\"elementor-container elementor-column-gap-default\">\n\t\t\t\t\t<div class=\"elementor-column elementor-col-100 elementor-top-column elementor-element elementor-element-5aad167\" data-id=\"5aad167\" data-element_type=\"column\">\n\t\t\t<div class=\"elementor-widget-wrap elementor-element-populated\">\n\t\t\t\t\t\t<div class=\"elementor-element elementor-element-75ed664 elementor-align-center elementor-widget elementor-widget-button\" data-id=\"75ed664\" data-element_type=\"widget\" data-widget_type=\"button.default\">\n\t\t\t\t<div class=\"elementor-widget-container\">\n\t\t\t\t\t\t\t<div class=\"elementor-button-wrapper\">\n\t\t\t\t\t<a class=\"elementor-button elementor-button-link elementor-size-sm\" href=\"https:\/\/exploratriceduquotidien.com\/exploratrice\/contact\/\">\n\t\t\t\t\t\t<span class=\"elementor-button-content-wrapper\">\n\t\t\t\t\t\t\t\t\t<span class=\"elementor-button-text\">Pour en savoir plus<\/span>\n\t\t\t\t\t<\/span>\n\t\t\t\t\t<\/a>\n\t\t\t\t<\/div>\n\t\t\t\t\t\t<\/div>\n\t\t\t\t<\/div>\n\t\t\t\t\t<\/div>\n\t\t<\/div>\n\t\t\t\t\t<\/div>\n\t\t<\/section>\n\t\t\t\t<\/div>\n\t\t","protected":false},"excerpt":{"rendered":"<p>Une question vous turlupine ? \u00a0Vous \u00eates dans le flou dans votre vie personnelle ou professionnelle ?\u00a0Vous sentez qu\u2019il vous manque un petit quelque chose pour y voir plus clair ?\u00a0Et si vous en parliez \u00e0 quelqu\u2019un qui vous \u00e9coutera sans jugement et vous questionnera pour vous aider \u00e0 faire le point.\u00a0Il y a de [&hellip;]<\/p>\n","protected":false},"author":1,"featured_media":0,"parent":0,"menu_order":0,"comment_status":"closed","ping_status":"closed","template":"","meta":{"site-sidebar-layout":"no-sidebar","site-content-layout":"page-builder","ast-site-content-layout":"","site-content-style":"default","site-sidebar-style":"default","ast-global-header-display":"","ast-banner-title-visibility":"","ast-main-header-display":"","ast-hfb-above-header-display":"","ast-hfb-below-header-display":"","ast-hfb-mobile-header-display":"","site-post-title":"disabled","ast-breadcrumbs-content":"","ast-featured-img":"disabled","footer-sml-layout":"","theme-transparent-header-meta":"","adv-header-id-meta":"","stick-header-meta":"","header-above-stick-meta":"","header-main-stick-meta":"","header-below-stick-meta":"","astra-migrate-meta-layouts":"default","ast-page-background-enabled":"default","ast-page-background-meta":{"desktop":{"background-color":"","background-image":"","background-repeat":"repeat","background-position":"center center","background-size":"auto","background-attachment":"scroll","background-type":"","background-media":"","overlay-type":"","overlay-color":"","overlay-opacity":"","overlay-gradient":""},"tablet":{"background-color":"","background-image":"","background-repeat":"repeat","background-position":"center center","background-size":"auto","background-attachment":"scroll","background-type":"","background-media":"","overlay-type":"","overlay-color":"","overlay-opacity":"","overlay-gradient":""},"mobile":{"background-color":"","background-image":"","background-repeat":"repeat","background-position":"center center","background-size":"auto","background-attachment":"scroll","background-type":"","background-media":"","overlay-type":"","overlay-color":"","overlay-opacity":"","overlay-gradient":""}},"ast-content-background-meta":{"desktop":{"background-color":"var(--ast-global-color-5)","background-image":"","background-repeat":"repeat","background-position":"center center","background-size":"auto","background-attachment":"scroll","background-type":"","background-media":"","overlay-type":"","overlay-color":"","overlay-opacity":"","overlay-gradient":""},"tablet":{"background-color":"var(--ast-global-color-5)","background-image":"","background-repeat":"repeat","background-position":"center center","background-size":"auto","background-attachment":"scroll","background-type":"","background-media":"","overlay-type":"","overlay-color":"","overlay-opacity":"","overlay-gradient":""},"mobile":{"background-color":"var(--ast-global-color-5)","background-image":"","background-repeat":"repeat","background-position":"center center","background-size":"auto","background-attachment":"scroll","background-type":"","background-media":"","overlay-type":"","overlay-color":"","overlay-opacity":"","overlay-gradient":""}},"footnotes":""},"class_list":["post-1961","page","type-page","status-publish","hentry"],"_links":{"self":[{"href":"https:\/\/exploratriceduquotidien.com\/exploratrice\/wp-json\/wp\/v2\/pages\/1961"}],"collection":[{"href":"https:\/\/exploratriceduquotidien.com\/exploratrice\/wp-json\/wp\/v2\/pages"}],"about":[{"href":"https:\/\/exploratriceduquotidien.com\/exploratrice\/wp-json\/wp\/v2\/types\/page"}],"author":[{"embeddable":true,"href":"https:\/\/exploratriceduquotidien.com\/exploratrice\/wp-json\/wp\/v2\/users\/1"}],"replies":[{"embeddable":true,"href":"https:\/\/exploratriceduquotidien.com\/exploratrice\/wp-json\/wp\/v2\/comments?post=1961"}],"version-history":[{"count":28,"href":"https:\/\/exploratriceduquotidien.com\/exploratrice\/wp-json\/wp\/v2\/pages\/1961\/revisions"}],"predecessor-version":[{"id":2643,"href":"https:\/\/exploratriceduquotidien.com\/exploratrice\/wp-json\/wp\/v2\/pages\/1961\/revisions\/2643"}],"wp:attachment":[{"href":"https:\/\/exploratriceduquotidien.com\/exploratrice\/wp-json\/wp\/v2\/media?parent=1961"}],"curies":[{"name":"wp","href":"https:\/\/api.w.org\/{rel}","templated":true}]}}