{"id":1420,"date":"2019-03-21T13:32:59","date_gmt":"2019-03-21T13:32:59","guid":{"rendered":"https:\/\/exploratriceduquotidien.com\/exploratrice\/contact\/"},"modified":"2021-12-07T12:05:10","modified_gmt":"2021-12-07T11:05:10","slug":"contact","status":"publish","type":"page","link":"https:\/\/exploratriceduquotidien.com\/exploratrice\/contact\/","title":{"rendered":"Contact"},"content":{"rendered":"\t\t<div data-elementor-type=\"wp-post\" data-elementor-id=\"1420\" class=\"elementor elementor-1420\">\n\t\t\t\t\t\t<section class=\"elementor-section elementor-top-section elementor-element elementor-element-a289485 elementor-section-boxed elementor-section-height-default elementor-section-height-default\" data-id=\"a289485\" data-element_type=\"section\">\n\t\t\t\t\t\t<div class=\"elementor-container elementor-column-gap-wide\">\n\t\t\t\t\t<div class=\"elementor-column elementor-col-33 elementor-top-column elementor-element elementor-element-b4f6b1c\" data-id=\"b4f6b1c\" data-element_type=\"column\">\n\t\t\t<div class=\"elementor-widget-wrap elementor-element-populated\">\n\t\t\t\t\t\t<div class=\"elementor-element elementor-element-aa57bf7 elementor-widget-divider--view-line elementor-widget elementor-widget-divider\" data-id=\"aa57bf7\" data-element_type=\"widget\" data-widget_type=\"divider.default\">\n\t\t\t\t<div class=\"elementor-widget-container\">\n\t\t\t\t\t<div class=\"elementor-divider\">\n\t\t\t<span class=\"elementor-divider-separator\">\n\t\t\t\t\t\t<\/span>\n\t\t<\/div>\n\t\t\t\t<\/div>\n\t\t\t\t<\/div>\n\t\t\t\t<div class=\"elementor-element elementor-element-bb400d4 elementor-widget elementor-widget-heading\" data-id=\"bb400d4\" data-element_type=\"widget\" data-widget_type=\"heading.default\">\n\t\t\t\t<div class=\"elementor-widget-container\">\n\t\t\t<h2 class=\"elementor-heading-title elementor-size-default\">Contact<\/h2>\t\t<\/div>\n\t\t\t\t<\/div>\n\t\t\t\t<div class=\"elementor-element elementor-element-b0a3b4b elementor-widget elementor-widget-text-editor\" data-id=\"b0a3b4b\" data-element_type=\"widget\" data-widget_type=\"text-editor.default\">\n\t\t\t\t<div class=\"elementor-widget-container\">\n\t\t\t\t\t\t\t<p>Be Happy Coaching \/ Exploratrice du quotidien<\/p><p>Nantes<\/p>\t\t\t\t\t\t<\/div>\n\t\t\t\t<\/div>\n\t\t\t\t<div class=\"elementor-element elementor-element-df6bf95 elementor-widget elementor-widget-text-editor\" data-id=\"df6bf95\" data-element_type=\"widget\" data-widget_type=\"text-editor.default\">\n\t\t\t\t<div class=\"elementor-widget-container\">\n\t\t\t\t\t\t\t<p>Tel: 06 60 65 79 03<br \/><br \/><\/p>\t\t\t\t\t\t<\/div>\n\t\t\t\t<\/div>\n\t\t\t\t<div class=\"elementor-element elementor-element-7efc38e elementor-widget elementor-widget-text-editor\" data-id=\"7efc38e\" data-element_type=\"widget\" data-widget_type=\"text-editor.default\">\n\t\t\t\t<div class=\"elementor-widget-container\">\n\t\t\t\t\t\t\t<p>cgauvain@behappycoaching.fr<\/p>\t\t\t\t\t\t<\/div>\n\t\t\t\t<\/div>\n\t\t\t\t<div class=\"elementor-element elementor-element-6334add e-grid-align-left e-grid-align-mobile-center elementor-shape-rounded elementor-grid-0 elementor-widget elementor-widget-social-icons\" data-id=\"6334add\" data-element_type=\"widget\" data-widget_type=\"social-icons.default\">\n\t\t\t\t<div class=\"elementor-widget-container\">\n\t\t\t\t\t<div class=\"elementor-social-icons-wrapper elementor-grid\">\n\t\t\t\t\t\t\t<span class=\"elementor-grid-item\">\n\t\t\t\t\t<a class=\"elementor-icon elementor-social-icon elementor-social-icon-facebook-f elementor-repeater-item-5091331\" href=\"#\">\n\t\t\t\t\t\t<span class=\"elementor-screen-only\">Facebook-f<\/span>\n\t\t\t\t\t\t<i class=\"fab fa-facebook-f\"><\/i>\t\t\t\t\t<\/a>\n\t\t\t\t<\/span>\n\t\t\t\t\t\t\t<span class=\"elementor-grid-item\">\n\t\t\t\t\t<a class=\"elementor-icon elementor-social-icon elementor-social-icon-twitter elementor-repeater-item-61cafbd\" href=\"#\">\n\t\t\t\t\t\t<span class=\"elementor-screen-only\">Twitter<\/span>\n\t\t\t\t\t\t<i class=\"fab fa-twitter\"><\/i>\t\t\t\t\t<\/a>\n\t\t\t\t<\/span>\n\t\t\t\t\t\t\t<span class=\"elementor-grid-item\">\n\t\t\t\t\t<a class=\"elementor-icon elementor-social-icon elementor-social-icon-google-plus-g elementor-repeater-item-0d54d2e\" href=\"#\">\n\t\t\t\t\t\t<span class=\"elementor-screen-only\">Google-plus-g<\/span>\n\t\t\t\t\t\t<i class=\"fab fa-google-plus-g\"><\/i>\t\t\t\t\t<\/a>\n\t\t\t\t<\/span>\n\t\t\t\t\t\t\t<span class=\"elementor-grid-item\">\n\t\t\t\t\t<a class=\"elementor-icon elementor-social-icon elementor-social-icon-linkedin-in elementor-repeater-item-7750c5e\" href=\"#\">\n\t\t\t\t\t\t<span class=\"elementor-screen-only\">Linkedin-in<\/span>\n\t\t\t\t\t\t<i class=\"fab fa-linkedin-in\"><\/i>\t\t\t\t\t<\/a>\n\t\t\t\t<\/span>\n\t\t\t\t\t\t\t<span class=\"elementor-grid-item\">\n\t\t\t\t\t<a class=\"elementor-icon elementor-social-icon elementor-social-icon-instagram elementor-repeater-item-e0397c3\" href=\"#\">\n\t\t\t\t\t\t<span class=\"elementor-screen-only\">Instagram<\/span>\n\t\t\t\t\t\t<i class=\"fab fa-instagram\"><\/i>\t\t\t\t\t<\/a>\n\t\t\t\t<\/span>\n\t\t\t\t\t<\/div>\n\t\t\t\t<\/div>\n\t\t\t\t<\/div>\n\t\t\t\t\t<\/div>\n\t\t<\/div>\n\t\t\t\t<div class=\"elementor-column elementor-col-66 elementor-top-column elementor-element elementor-element-10f3da9\" data-id=\"10f3da9\" data-element_type=\"column\">\n\t\t\t<div class=\"elementor-widget-wrap elementor-element-populated\">\n\t\t\t\t\t\t<div class=\"elementor-element elementor-element-6dba5f3 elementor-widget elementor-widget-shortcode\" data-id=\"6dba5f3\" data-element_type=\"widget\" data-widget_type=\"shortcode.default\">\n\t\t\t\t<div class=\"elementor-widget-container\">\n\t\t\t\t\t<div class=\"elementor-shortcode\">  \n  \n  <div class=\"\n    mailpoet_form_popup_overlay\n      \"><\/div>\n  <div\n    id=\"mailpoet_form_3\"\n    class=\"\n      mailpoet_form\n      mailpoet_form_shortcode\n      mailpoet_form_position_\n      mailpoet_form_animation_\n    \"\n      >\n\n    <style type=\"text\/css\">\n     #mailpoet_form_3 .mailpoet_form {  }\n#mailpoet_form_3 .mailpoet_column_with_background { padding: 10px; }\n#mailpoet_form_3 .mailpoet_form_column:not(:first-child) { margin-left: 20px; }\n#mailpoet_form_3 .mailpoet_paragraph { line-height: 20px; margin-bottom: 20px; }\n#mailpoet_form_3 .mailpoet_segment_label, #mailpoet_form_3 .mailpoet_text_label, #mailpoet_form_3 .mailpoet_textarea_label, #mailpoet_form_3 .mailpoet_select_label, #mailpoet_form_3 .mailpoet_radio_label, #mailpoet_form_3 .mailpoet_checkbox_label, #mailpoet_form_3 .mailpoet_list_label, #mailpoet_form_3 .mailpoet_date_label { display: block; font-weight: normal; }\n#mailpoet_form_3 .mailpoet_text, #mailpoet_form_3 .mailpoet_textarea, #mailpoet_form_3 .mailpoet_select, #mailpoet_form_3 .mailpoet_date_month, #mailpoet_form_3 .mailpoet_date_day, #mailpoet_form_3 .mailpoet_date_year, #mailpoet_form_3 .mailpoet_date { display: block; }\n#mailpoet_form_3 .mailpoet_text, #mailpoet_form_3 .mailpoet_textarea { width: 200px; }\n#mailpoet_form_3 .mailpoet_checkbox {  }\n#mailpoet_form_3 .mailpoet_submit {  }\n#mailpoet_form_3 .mailpoet_divider {  }\n#mailpoet_form_3 .mailpoet_message {  }\n#mailpoet_form_3 .mailpoet_validate_success { font-weight: 600; color: #468847; }\n#mailpoet_form_3 .mailpoet_validate_error { color: #b94a48; }\n#mailpoet_form_3 .mailpoet_form_loading { width: 30px; text-align: center; line-height: normal; }\n#mailpoet_form_3 .mailpoet_form_loading > span { width: 5px; height: 5px; background-color: #5b5b5b; }#mailpoet_form_3{border-radius: 0px;text-align: left;}#mailpoet_form_3 form.mailpoet_form {padding: 20px;}#mailpoet_form_3{width: 100%;}#mailpoet_form_3 .mailpoet_message {margin: 0; padding: 0 20px;}#mailpoet_form_3 .mailpoet_paragraph.last {margin-bottom: 0} @media (max-width: 500px) {#mailpoet_form_3 {background-image: none;}} @media (min-width: 500px) {#mailpoet_form_3 .last .mailpoet_paragraph:last-child {margin-bottom: 0}}  @media (max-width: 500px) {#mailpoet_form_3 .mailpoet_form_column:last-child .mailpoet_paragraph:last-child {margin-bottom: 0}} \n    <\/style>\n\n    <form\n      target=\"_self\"\n      method=\"post\"\n      action=\"https:\/\/exploratriceduquotidien.com\/exploratrice\/wp-admin\/admin-post.php?action=mailpoet_subscription_form\"\n      class=\"mailpoet_form mailpoet_form_form mailpoet_form_shortcode\"\n      novalidate\n      data-delay=\"\"\n      data-exit-intent-enabled=\"\"\n      data-font-family=\"\"\n      data-cookie-expiration-time=\"\"\n    >\n      <input type=\"hidden\" name=\"data[form_id]\" value=\"3\" \/>\n      <input type=\"hidden\" name=\"token\" value=\"de53cee271\" \/>\n      <input type=\"hidden\" name=\"api_version\" value=\"v1\" \/>\n      <input type=\"hidden\" name=\"endpoint\" value=\"subscribers\" \/>\n      <input type=\"hidden\" name=\"mailpoet_method\" value=\"subscribe\" \/>\n\n      <label class=\"mailpoet_hp_email_label\" style=\"display: none !important;\">Veuillez laisser ce champ vide<input type=\"email\" name=\"data[email]\"\/><\/label><div class=\"mailpoet_paragraph \"><label for=\"form_first_name_3\" class=\"mailpoet_text_label\"  data-automation-id=\"form_first_name_label\" >Pr\u00e9nom <span class=\"mailpoet_required\" aria-hidden=\"true\">*<\/span><\/label><input type=\"text\" autocomplete=\"given-name\" class=\"mailpoet_text\" id=\"form_first_name_3\" name=\"data[form_field_OWJmMWUxNzU2OTBmX2ZpcnN0X25hbWU=]\" title=\"Pr\u00e9nom\" value=\"\" style=\"width:100%;box-sizing:border-box;padding:5px;margin: 0 auto 0 0;\" data-automation-id=\"form_first_name\" data-parsley-errors-container=\".mailpoet_error_1oke3\" data-parsley-names='[&quot;Veuillez sp\u00e9cifier un nom valide.&quot;,&quot;Les adresses dans les noms ne sont pas autoris\u00e9es, veuillez ajouter votre nom \u00e0 la place.&quot;]' data-parsley-required=\"true\" required aria-required=\"true\" data-parsley-required-message=\"Ce champ est n\u00e9cessaire.\"\/><span class=\"mailpoet_error_1oke3\"><\/span><\/div>\n<div class=\"mailpoet_paragraph \"><label for=\"form_last_name_3\" class=\"mailpoet_text_label\"  data-automation-id=\"form_last_name_label\" >Nom <span class=\"mailpoet_required\" aria-hidden=\"true\">*<\/span><\/label><input type=\"text\" autocomplete=\"family-name\" class=\"mailpoet_text\" id=\"form_last_name_3\" name=\"data[form_field_YzEwYjgxZTUxZGNjX2xhc3RfbmFtZQ==]\" title=\"Nom\" value=\"\" style=\"width:100%;box-sizing:border-box;padding:5px;margin: 0 auto 0 0;\" data-automation-id=\"form_last_name\" data-parsley-errors-container=\".mailpoet_error_8lipa\" data-parsley-names='[&quot;Veuillez sp\u00e9cifier un nom valide.&quot;,&quot;Les adresses dans les noms ne sont pas autoris\u00e9es, veuillez ajouter votre nom \u00e0 la place.&quot;]' data-parsley-required=\"true\" required aria-required=\"true\" data-parsley-required-message=\"Ce champ est n\u00e9cessaire.\"\/><span class=\"mailpoet_error_8lipa\"><\/span><\/div>\n<div class=\"mailpoet_paragraph \"><label for=\"form_email_3\" class=\"mailpoet_text_label\"  data-automation-id=\"form_email_label\" >E-mail <span class=\"mailpoet_required\" aria-hidden=\"true\">*<\/span><\/label><input type=\"email\" autocomplete=\"email\" class=\"mailpoet_text\" id=\"form_email_3\" name=\"data[form_field_ZjhlODI2MDg5NjQ5X2VtYWls]\" title=\"E-mail\" value=\"\" style=\"width:100%;box-sizing:border-box;padding:5px;margin: 0 auto 0 0;\" data-automation-id=\"form_email\" data-parsley-errors-container=\".mailpoet_error_1gw09\" data-parsley-required=\"true\" required aria-required=\"true\" data-parsley-minlength=\"6\" data-parsley-maxlength=\"150\" data-parsley-type-message=\"Cette valeur doit \u00eatre un e-mail valide.\" data-parsley-required-message=\"Ce champ est n\u00e9cessaire.\"\/><span class=\"mailpoet_error_1gw09\"><\/span><\/div>\n<div class=\"mailpoet_paragraph \"><label for=\"form_1_3\" class=\"mailpoet_select_label\" >Motif de votre demande <span class=\"mailpoet_required\" aria-hidden=\"true\">*<\/span><\/label><select\n      class=\"mailpoet_select\"\n      name=\"data[cf_1]\" style=\"padding:5px;margin: 0 auto 0 0;\"><option value=\"Coup de Pouce\">Coup de Pouce<\/option><option value=\"Coaching Immobilier\">Coaching Immobilier<\/option><option value=\"Coaching Voyage\">Coaching Voyage<\/option><option value=\"S\u00e9ance de mise au point\">S\u00e9ance de mise au point<\/option><option value=\"Lieux de ressourcement\">Lieux de ressourcement<\/option><option value=\"Bocaux Happy Exploratrice\">Bocaux Happy Exploratrice<\/option><option value=\"Ateliers\">Ateliers<\/option><\/select><span class=\"mailpoet_error_pk1f6\"><\/span><\/div>\n<div class=\"mailpoet_paragraph \"><label for=\"form_2_3\" class=\"mailpoet_textarea_label\" >Votre message <span class=\"mailpoet_required\" aria-hidden=\"true\">*<\/span><\/label><textarea class=\"mailpoet_textarea\" data-automation-id=\"form_custom_text_area\" rows=\"5\" name=\"data[cf_2]\"data-parsley-errors-container=\".mailpoet_error_1g1gy\" data-parsley-required=\"true\" required aria-required=\"true\" data-parsley-required-message=\"Ce champ est n\u00e9cessaire.\"style=\"width:100%;box-sizing:border-box;padding:5px;margin: 0 auto 0 0;\" ><\/textarea><span class=\"mailpoet_error_1g1gy\"><\/span><\/div>\n<div class=\"mailpoet_recaptcha\" data-sitekey=\"6LemSf0UAAAAADWiukGYYpgL1cxJw24GugmUiRvD\" >\n      <div class=\"mailpoet_recaptcha_container\"><\/div>\n      <noscript>\n        <div>\n          <div class=\"mailpoet_recaptcha_noscript_container\">\n            <div>\n              <iframe src=\"https:\/\/www.google.com\/recaptcha\/api\/fallback?k=6LemSf0UAAAAADWiukGYYpgL1cxJw24GugmUiRvD\" frameborder=\"0\" scrolling=\"no\">\n              <\/iframe>\n            <\/div>\n          <\/div>\n          <div class=\"mailpoet_recaptcha_noscript_input\">\n            <textarea id=\"g-recaptcha-response\" name=\"data[recaptcha]\" class=\"g-recaptcha-response\">\n            <\/textarea>\n          <\/div>\n        <\/div>\n      <\/noscript>\n      <input class=\"mailpoet_recaptcha_field\" type=\"hidden\" name=\"recaptchaWidgetId\">\n    <\/div><div class=\"parsley-errors-list parsley-required mailpoet_error_recaptcha\">Ce champ est n\u00e9cessaire.<\/div><div class=\"mailpoet_paragraph \"><input type=\"submit\" class=\"mailpoet_submit\" value=\"Envoyer\" data-automation-id=\"subscribe-submit-button\" style=\"width:100%;box-sizing:border-box;padding:5px;margin: 0 auto 0 0;border-color:transparent;\" \/><span class=\"mailpoet_form_loading\"><span class=\"mailpoet_bounce1\"><\/span><span class=\"mailpoet_bounce2\"><\/span><span class=\"mailpoet_bounce3\"><\/span><\/span><\/div>\n\n      <div class=\"mailpoet_message\">\n        <p class=\"mailpoet_validate_success\"\n                style=\"display:none;\"\n                >V\u00e9rifiez votre boite de r\u00e9ception ou votre r\u00e9pertoire d\u2019ind\u00e9sirables pour v\u00e9rifier la confirmation de l&#039;envoi de votre message.\n        <\/p>\n        <p class=\"mailpoet_validate_error\"\n                style=\"display:none;\"\n                >        <\/p>\n      <\/div>\n    <\/form>\n\n      <\/div>\n\n  <\/div>\n\t\t\t\t<\/div>\n\t\t\t\t<\/div>\n\t\t\t\t\t<\/div>\n\t\t<\/div>\n\t\t\t\t\t<\/div>\n\t\t<\/section>\n\t\t\t\t<\/div>\n\t\t","protected":false},"excerpt":{"rendered":"<p>Contact Be Happy Coaching \/ Exploratrice du quotidien Nantes Tel: 06 60 65 79 03 cgauvain@behappycoaching.fr Facebook-f Twitter Google-plus-g Linkedin-in Instagram<\/p>\n","protected":false},"author":1,"featured_media":0,"parent":0,"menu_order":0,"comment_status":"closed","ping_status":"closed","template":"elementor_header_footer","meta":{"site-sidebar-layout":"no-sidebar","site-content-layout":"page-builder","ast-site-content-layout":"","site-content-style":"default","site-sidebar-style":"default","ast-global-header-display":"","ast-banner-title-visibility":"","ast-main-header-display":"","ast-hfb-above-header-display":"","ast-hfb-below-header-display":"","ast-hfb-mobile-header-display":"","site-post-title":"disabled","ast-breadcrumbs-content":"","ast-featured-img":"disabled","footer-sml-layout":"","theme-transparent-header-meta":"default","adv-header-id-meta":"","stick-header-meta":"","header-above-stick-meta":"","header-main-stick-meta":"","header-below-stick-meta":"","astra-migrate-meta-layouts":"default","ast-page-background-enabled":"default","ast-page-background-meta":{"desktop":{"background-color":"","background-image":"","background-repeat":"repeat","background-position":"center center","background-size":"auto","background-attachment":"scroll","background-type":"","background-media":"","overlay-type":"","overlay-color":"","overlay-opacity":"","overlay-gradient":""},"tablet":{"background-color":"","background-image":"","background-repeat":"repeat","background-position":"center center","background-size":"auto","background-attachment":"scroll","background-type":"","background-media":"","overlay-type":"","overlay-color":"","overlay-opacity":"","overlay-gradient":""},"mobile":{"background-color":"","background-image":"","background-repeat":"repeat","background-position":"center center","background-size":"auto","background-attachment":"scroll","background-type":"","background-media":"","overlay-type":"","overlay-color":"","overlay-opacity":"","overlay-gradient":""}},"ast-content-background-meta":{"desktop":{"background-color":"var(--ast-global-color-5)","background-image":"","background-repeat":"repeat","background-position":"center center","background-size":"auto","background-attachment":"scroll","background-type":"","background-media":"","overlay-type":"","overlay-color":"","overlay-opacity":"","overlay-gradient":""},"tablet":{"background-color":"var(--ast-global-color-5)","background-image":"","background-repeat":"repeat","background-position":"center center","background-size":"auto","background-attachment":"scroll","background-type":"","background-media":"","overlay-type":"","overlay-color":"","overlay-opacity":"","overlay-gradient":""},"mobile":{"background-color":"var(--ast-global-color-5)","background-image":"","background-repeat":"repeat","background-position":"center center","background-size":"auto","background-attachment":"scroll","background-type":"","background-media":"","overlay-type":"","overlay-color":"","overlay-opacity":"","overlay-gradient":""}},"footnotes":""},"class_list":["post-1420","page","type-page","status-publish","hentry"],"_links":{"self":[{"href":"https:\/\/exploratriceduquotidien.com\/exploratrice\/wp-json\/wp\/v2\/pages\/1420"}],"collection":[{"href":"https:\/\/exploratriceduquotidien.com\/exploratrice\/wp-json\/wp\/v2\/pages"}],"about":[{"href":"https:\/\/exploratriceduquotidien.com\/exploratrice\/wp-json\/wp\/v2\/types\/page"}],"author":[{"embeddable":true,"href":"https:\/\/exploratriceduquotidien.com\/exploratrice\/wp-json\/wp\/v2\/users\/1"}],"replies":[{"embeddable":true,"href":"https:\/\/exploratriceduquotidien.com\/exploratrice\/wp-json\/wp\/v2\/comments?post=1420"}],"version-history":[{"count":6,"href":"https:\/\/exploratriceduquotidien.com\/exploratrice\/wp-json\/wp\/v2\/pages\/1420\/revisions"}],"predecessor-version":[{"id":1775,"href":"https:\/\/exploratriceduquotidien.com\/exploratrice\/wp-json\/wp\/v2\/pages\/1420\/revisions\/1775"}],"wp:attachment":[{"href":"https:\/\/exploratriceduquotidien.com\/exploratrice\/wp-json\/wp\/v2\/media?parent=1420"}],"curies":[{"name":"wp","href":"https:\/\/api.w.org\/{rel}","templated":true}]}}